{"id":17,"date":"2026-01-19T14:05:29","date_gmt":"2026-01-19T14:05:29","guid":{"rendered":"https:\/\/gostiarestaurant.com\/?page_id=17"},"modified":"2026-01-19T16:01:15","modified_gmt":"2026-01-19T16:01:15","slug":"about","status":"publish","type":"page","link":"https:\/\/gostiarestaurant.com\/index.php\/about\/","title":{"rendered":"About"},"content":{"rendered":"\t\t<div data-elementor-type=\"wp-page\" data-elementor-id=\"17\" class=\"elementor elementor-17\" data-elementor-post-type=\"page\">\n\t\t\t\t\t\t<section class=\"elementor-section elementor-top-section elementor-element elementor-element-f614274 elementor-section-stretched elementor-section-full_width elementor-reverse-tablet elementor-reverse-mobile elementor-section-height-default elementor-section-height-default\" data-id=\"f614274\" data-element_type=\"section\" data-settings=\"{&quot;stretch_section&quot;:&quot;section-stretched&quot;}\">\n\t\t\t\t\t\t<div class=\"elementor-container elementor-column-gap-no\">\n\t\t\t\t\t<div class=\"elementor-column elementor-col-50 elementor-top-column elementor-element elementor-element-63051c72\" data-id=\"63051c72\" data-element_type=\"column\">\n\t\t\t<div class=\"elementor-widget-wrap elementor-element-populated\">\n\t\t\t\t\t\t<div class=\"elementor-element elementor-element-636a41f9 elementor-widget elementor-widget-heading\" data-id=\"636a41f9\" data-element_type=\"widget\" data-widget_type=\"heading.default\">\n\t\t\t\t\t<h2 class=\"elementor-heading-title elementor-size-default\">KUSH JEMI<\/h2>\t\t\t\t<\/div>\n\t\t\t\t<div class=\"elementor-element elementor-element-4c23dcbf elementor-widget elementor-widget-text-editor\" data-id=\"4c23dcbf\" data-element_type=\"widget\" data-widget_type=\"text-editor.default\">\n\t\t\t\t\t\t\t\t\t<p>Mir\u00ebsevini n\u00eb Gostia, nj\u00eb restorant tradicional shqiptar i vendosur n\u00eb zemr\u00ebn e natyr\u00ebs s\u00eb bukur t\u00eb Petrel\u00ebs. Ne n\u00eb Gostia jemi t\u00eb p\u00ebrkushtuar p\u00ebr t\u00eb sjell\u00eb tek ju shijet autentike t\u00eb kuzhin\u00ebs shqiptare, duke p\u00ebrdorur vet\u00ebm p\u00ebrb\u00ebr\u00ebsit m\u00eb t\u00eb fresk\u00ebt dhe m\u00eb cil\u00ebsor\u00eb nga fermer\u00ebt lokal\u00eb. \u00c7do pjat\u00eb q\u00eb p\u00ebrgatisim \u00ebsht\u00eb nj\u00eb reflektim i tradit\u00ebs, dashuris\u00eb dhe p\u00ebrkushtimit ton\u00eb p\u00ebr t\u00eb sjell\u00eb eksperienca t\u00eb paharrueshme p\u00ebr klient\u00ebt tan\u00eb.<\/p><p>Restoranti yn\u00eb ofron nj\u00eb ambient t\u00eb ngroht\u00eb dhe mikprit\u00ebs, ku mund t\u00eb shijoni ushqimin e p\u00ebrgatitur me dashuri. N\u00eb Gostia, \u00e7do detaj \u00ebsht\u00eb i menduar p\u00ebr t\u00eb krijuar nj\u00eb atmosfer\u00eb t\u00eb ve\u00e7ant\u00eb p\u00ebr ju dhe t\u00eb dashurit tuaj. Tavolinat tona n\u00eb natyr\u00eb jan\u00eb t\u00eb rrethuara nga gjelb\u00ebrimi i bukur i Petrel\u00ebs, duke ofruar nj\u00eb vend t\u00eb p\u00ebrsosur p\u00ebr t\u00eb shijuar nj\u00eb vakt t\u00eb qet\u00eb dhe relaksues. Hap\u00ebsirat e brendshme jan\u00eb po aq t\u00eb rehatshme, me pamje t\u00eb mrekullueshme dhe nj\u00eb dizajn q\u00eb kombinon tradit\u00ebn me eleganc\u00ebn moderne.<\/p>\t\t\t\t\t\t\t\t<\/div>\n\t\t\t\t<div class=\"elementor-element elementor-element-6017daeb elementor-widget elementor-widget-button\" data-id=\"6017daeb\" data-element_type=\"widget\" data-widget_type=\"button.default\">\n\t\t\t\t\t\t\t\t\t\t<a class=\"elementor-button elementor-button-link elementor-size-sm elementor-animation-wobble-horizontal\" href=\"#\">\n\t\t\t\t\t\t<span class=\"elementor-button-content-wrapper\">\n\t\t\t\t\t\t\t\t\t<span class=\"elementor-button-text\">Discover more<\/span>\n\t\t\t\t\t<\/span>\n\t\t\t\t\t<\/a>\n\t\t\t\t\t\t\t\t<\/div>\n\t\t\t\t\t<\/div>\n\t\t<\/div>\n\t\t\t\t<div class=\"elementor-column elementor-col-50 elementor-top-column elementor-element elementor-element-330ce8dd\" data-id=\"330ce8dd\" data-element_type=\"column\">\n\t\t\t<div class=\"elementor-widget-wrap elementor-element-populated\">\n\t\t\t\t\t\t<div class=\"elementor-element elementor-element-797ee708 elementor-widget elementor-widget-image\" data-id=\"797ee708\" data-element_type=\"widget\" data-widget_type=\"image.default\">\n\t\t\t\t\t\t\t\t\t\t\t\t\t\t\t<img fetchpriority=\"high\" decoding=\"async\" width=\"768\" height=\"773\" src=\"https:\/\/gostiarestaurant.com\/wp-content\/uploads\/2026\/01\/DSC_5180-2-768x773-1.webp\" class=\"attachment-full size-full wp-image-175\" alt=\"\" srcset=\"https:\/\/gostiarestaurant.com\/wp-content\/uploads\/2026\/01\/DSC_5180-2-768x773-1.webp 768w, https:\/\/gostiarestaurant.com\/wp-content\/uploads\/2026\/01\/DSC_5180-2-768x773-1-298x300.webp 298w, https:\/\/gostiarestaurant.com\/wp-content\/uploads\/2026\/01\/DSC_5180-2-768x773-1-150x150.webp 150w\" sizes=\"(max-width: 768px) 100vw, 768px\" \/>\t\t\t\t\t\t\t\t\t\t\t\t\t\t\t<\/div>\n\t\t\t\t\t<\/div>\n\t\t<\/div>\n\t\t\t\t\t<\/div>\n\t\t<\/section>\n\t\t\t\t<section class=\"elementor-section elementor-top-section elementor-element elementor-element-358e68b4 elementor-section-stretched elementor-section-full_width elementor-section-height-default elementor-section-height-default\" data-id=\"358e68b4\" data-element_type=\"section\" data-settings=\"{&quot;stretch_section&quot;:&quot;section-stretched&quot;}\">\n\t\t\t\t\t\t<div class=\"elementor-container elementor-column-gap-no\">\n\t\t\t\t\t<div class=\"elementor-column elementor-col-50 elementor-top-column elementor-element elementor-element-67d28d34\" data-id=\"67d28d34\" data-element_type=\"column\">\n\t\t\t<div class=\"elementor-widget-wrap elementor-element-populated\">\n\t\t\t\t\t\t<div class=\"elementor-element elementor-element-3ab4ca9f elementor-widget elementor-widget-image\" data-id=\"3ab4ca9f\" data-element_type=\"widget\" data-widget_type=\"image.default\">\n\t\t\t\t\t\t\t\t\t\t\t\t\t\t\t<img decoding=\"async\" width=\"1000\" height=\"790\" src=\"https:\/\/gostiarestaurant.com\/wp-content\/uploads\/2026\/01\/our-tomahawk.jpg\" class=\"attachment-full size-full wp-image-166\" alt=\"\" srcset=\"https:\/\/gostiarestaurant.com\/wp-content\/uploads\/2026\/01\/our-tomahawk.jpg 1000w, https:\/\/gostiarestaurant.com\/wp-content\/uploads\/2026\/01\/our-tomahawk-300x237.jpg 300w, https:\/\/gostiarestaurant.com\/wp-content\/uploads\/2026\/01\/our-tomahawk-768x607.jpg 768w\" sizes=\"(max-width: 1000px) 100vw, 1000px\" \/>\t\t\t\t\t\t\t\t\t\t\t\t\t\t\t<\/div>\n\t\t\t\t\t<\/div>\n\t\t<\/div>\n\t\t\t\t<div class=\"elementor-column elementor-col-50 elementor-top-column elementor-element elementor-element-31f3ce5\" data-id=\"31f3ce5\" data-element_type=\"column\">\n\t\t\t<div class=\"elementor-widget-wrap elementor-element-populated\">\n\t\t\t\t\t\t<div class=\"elementor-element elementor-element-65c08ab4 elementor-widget elementor-widget-text-editor\" data-id=\"65c08ab4\" data-element_type=\"widget\" data-widget_type=\"text-editor.default\">\n\t\t\t\t\t\t\t\t\t<p>Menuja jon\u00eb \u00ebsht\u00eb e mbushur me pjata tradicionale shqiptare, q\u00eb variojn\u00eb nga antipastat e ftohta dhe t\u00eb ngrohta, deri tek pjatat kryesore t\u00eb mishit BIO t\u00eb pjekur n\u00eb p\u00ebrsosm\u00ebri. N\u00eb antipastat e ftohta, mund t\u00eb shijoni djath\u00ebra tradicionale, ullinj, japrak dhe shum\u00eb t\u00eb tjera. Antipastat e ngrohta p\u00ebrfshijn\u00eb f\u00ebrges\u00eb dhe fli, t\u00eb cilat jan\u00eb t\u00eb p\u00ebrgatitura me receta t\u00eb trash\u00ebguara nga brezat. Pjatat tona kryesore p\u00ebrfshijn\u00eb mishin e pjekur, si Tomahawk dhe fileta t\u00eb tjera, q\u00eb jan\u00eb t\u00eb p\u00ebrgatitura me mjesht\u00ebri p\u00ebr t\u2019ju ofruar nj\u00eb p\u00ebrvoj\u00eb t\u00eb paharrueshme kulinare.<\/p><p>P\u00ebrve\u00e7 dreka dhe darka, ne organizojm\u00eb evente speciale si dit\u00eblindje, dasma, dhe festa private. Ambienti yn\u00eb \u00ebsht\u00eb i p\u00ebrshtatsh\u00ebm p\u00ebr \u00e7do lloj eventi, duke siguruar nj\u00eb atmosfer\u00eb t\u00eb personalizuar dhe t\u00eb paharrueshme. Ne gjithashtu ofrojm\u00eb hap\u00ebsira p\u00ebr mbledhje pune dhe evente biznesi, me menu t\u00eb posa\u00e7me dhe sh\u00ebrbim t\u00eb dedikuar p\u00ebr t\u00eb siguruar q\u00eb \u00e7do detaj t\u00eb jet\u00eb i p\u00ebrsosur.<\/p>\t\t\t\t\t\t\t\t<\/div>\n\t\t\t\t\t<\/div>\n\t\t<\/div>\n\t\t\t\t\t<\/div>\n\t\t<\/section>\n\t\t\t\t<section class=\"elementor-section elementor-top-section elementor-element elementor-element-5cdfd2c9 elementor-section-stretched elementor-section-full_width elementor-section-height-default elementor-section-height-default\" data-id=\"5cdfd2c9\" data-element_type=\"section\" data-settings=\"{&quot;stretch_section&quot;:&quot;section-stretched&quot;}\">\n\t\t\t\t\t\t<div class=\"elementor-container elementor-column-gap-default\">\n\t\t\t\t\t<div class=\"elementor-column elementor-col-50 elementor-top-column elementor-element elementor-element-5f38f040\" data-id=\"5f38f040\" data-element_type=\"column\">\n\t\t\t<div class=\"elementor-widget-wrap elementor-element-populated\">\n\t\t\t\t\t\t<div class=\"elementor-element elementor-element-690e23ca elementor-absolute elementor-hidden-phone elementor-widget elementor-widget-image\" data-id=\"690e23ca\" data-element_type=\"widget\" data-settings=\"{&quot;_position&quot;:&quot;absolute&quot;}\" data-widget_type=\"image.default\">\n\t\t\t\t\t\t\t\t\t\t\t\t\t\t\t<img decoding=\"async\" width=\"389\" height=\"385\" src=\"https:\/\/gostiarestaurant.com\/wp-content\/uploads\/2026\/01\/shape-2.png\" class=\"attachment-large size-large wp-image-24\" alt=\"\" srcset=\"https:\/\/gostiarestaurant.com\/wp-content\/uploads\/2026\/01\/shape-2.png 389w, https:\/\/gostiarestaurant.com\/wp-content\/uploads\/2026\/01\/shape-2-300x297.png 300w\" sizes=\"(max-width: 389px) 100vw, 389px\" \/>\t\t\t\t\t\t\t\t\t\t\t\t\t\t\t<\/div>\n\t\t\t\t\t<\/div>\n\t\t<\/div>\n\t\t\t\t<div class=\"elementor-column elementor-col-50 elementor-top-column elementor-element elementor-element-42ebc708\" data-id=\"42ebc708\" data-element_type=\"column\">\n\t\t\t<div class=\"elementor-widget-wrap elementor-element-populated\">\n\t\t\t\t\t\t<div class=\"elementor-element elementor-element-6f591fdb elementor-widget__width-initial elementor-absolute elementor-widget-mobile__width-initial elementor-hidden-phone elementor-widget-tablet__width-initial elementor-hidden-tablet elementor-widget elementor-widget-image\" data-id=\"6f591fdb\" data-element_type=\"widget\" data-settings=\"{&quot;_position&quot;:&quot;absolute&quot;}\" data-widget_type=\"image.default\">\n\t\t\t\t\t\t\t\t\t\t\t\t\t\t\t<img loading=\"lazy\" decoding=\"async\" width=\"650\" height=\"750\" src=\"https:\/\/gostiarestaurant.com\/wp-content\/uploads\/2026\/01\/about-us-7.png\" class=\"attachment-large size-large wp-image-51\" alt=\"\" srcset=\"https:\/\/gostiarestaurant.com\/wp-content\/uploads\/2026\/01\/about-us-7.png 650w, https:\/\/gostiarestaurant.com\/wp-content\/uploads\/2026\/01\/about-us-7-260x300.png 260w\" sizes=\"(max-width: 650px) 100vw, 650px\" \/>\t\t\t\t\t\t\t\t\t\t\t\t\t\t\t<\/div>\n\t\t\t\t\t<\/div>\n\t\t<\/div>\n\t\t\t\t\t<\/div>\n\t\t<\/section>\n\t\t\t\t<section class=\"elementor-section elementor-top-section elementor-element elementor-element-2f5f43df elementor-section-stretched elementor-section-full_width elementor-reverse-tablet elementor-reverse-mobile elementor-section-height-default elementor-section-height-default\" data-id=\"2f5f43df\" data-element_type=\"section\" data-settings=\"{&quot;stretch_section&quot;:&quot;section-stretched&quot;}\">\n\t\t\t\t\t\t<div class=\"elementor-container elementor-column-gap-default\">\n\t\t\t\t\t<div class=\"elementor-column elementor-col-50 elementor-top-column elementor-element elementor-element-5746e62b\" data-id=\"5746e62b\" data-element_type=\"column\">\n\t\t\t<div class=\"elementor-widget-wrap elementor-element-populated\">\n\t\t\t\t\t\t<div class=\"elementor-element elementor-element-7516d4c8 elementor-widget elementor-widget-text-editor\" data-id=\"7516d4c8\" data-element_type=\"widget\" data-widget_type=\"text-editor.default\">\n\t\t\t\t\t\t\t\t\t<p>N\u00eb Gostia, ne besojm\u00eb se ushqimi \u00ebsht\u00eb m\u00eb shum\u00eb se vet\u00ebm nj\u00eb nevoj\u00eb baz\u00eb \u2013 \u00ebsht\u00eb nj\u00eb m\u00ebnyr\u00eb p\u00ebr t\u00eb ndar\u00eb momente t\u00eb ve\u00e7anta, p\u00ebr t\u00eb krijuar kujtime t\u00eb reja dhe p\u00ebr t\u00eb lidhur njer\u00ebzit s\u00eb bashku. Stafi yn\u00eb i p\u00ebrkushtuar \u00ebsht\u00eb gjithmon\u00eb i gatsh\u00ebm p\u00ebr t\u00eb siguruar q\u00eb vizita juaj t\u00eb jet\u00eb e paharrueshme, duke ju ofruar nj\u00eb sh\u00ebrbim t\u00eb shk\u00eblqyer dhe nj\u00eb mikpritje t\u00eb ngroht\u00eb.<\/p><p>Ejani dhe p\u00ebrjetoni shijen e v\u00ebrtet\u00eb t\u00eb Shqip\u00ebris\u00eb n\u00eb Gostia! Rezervoni tavolin\u00ebn tuaj sot dhe b\u00ebhuni pjes\u00eb e familjes son\u00eb. Ne ju presim me padurim!<\/p>\t\t\t\t\t\t\t\t<\/div>\n\t\t\t\t\t<\/div>\n\t\t<\/div>\n\t\t\t\t<div class=\"elementor-column elementor-col-50 elementor-top-column elementor-element elementor-element-4f3e2206\" data-id=\"4f3e2206\" data-element_type=\"column\">\n\t\t\t<div class=\"elementor-widget-wrap elementor-element-populated\">\n\t\t\t\t\t\t<div class=\"elementor-element elementor-element-4b776eb7 elementor-widget elementor-widget-image\" data-id=\"4b776eb7\" data-element_type=\"widget\" data-widget_type=\"image.default\">\n\t\t\t\t\t\t\t\t\t\t\t\t\t\t\t<img loading=\"lazy\" decoding=\"async\" width=\"800\" height=\"534\" src=\"https:\/\/gostiarestaurant.com\/wp-content\/uploads\/2026\/01\/DSC_5067-1024x683-1.webp\" class=\"attachment-large size-large wp-image-177\" alt=\"\" srcset=\"https:\/\/gostiarestaurant.com\/wp-content\/uploads\/2026\/01\/DSC_5067-1024x683-1.webp 1024w, https:\/\/gostiarestaurant.com\/wp-content\/uploads\/2026\/01\/DSC_5067-1024x683-1-300x200.webp 300w, https:\/\/gostiarestaurant.com\/wp-content\/uploads\/2026\/01\/DSC_5067-1024x683-1-768x512.webp 768w\" sizes=\"(max-width: 800px) 100vw, 800px\" \/>\t\t\t\t\t\t\t\t\t\t\t\t\t\t\t<\/div>\n\t\t\t\t\t<\/div>\n\t\t<\/div>\n\t\t\t\t\t<\/div>\n\t\t<\/section>\n\t\t\t\t<section class=\"elementor-section elementor-top-section elementor-element elementor-element-359b77cb elementor-section-stretched elementor-section-full_width elementor-section-height-default elementor-section-height-default\" data-id=\"359b77cb\" data-element_type=\"section\" data-settings=\"{&quot;stretch_section&quot;:&quot;section-stretched&quot;}\">\n\t\t\t\t\t\t<div class=\"elementor-container elementor-column-gap-no\">\n\t\t\t\t\t<div class=\"elementor-column elementor-col-100 elementor-top-column elementor-element elementor-element-1bf68554\" data-id=\"1bf68554\" data-element_type=\"column\">\n\t\t\t<div class=\"elementor-widget-wrap elementor-element-populated\">\n\t\t\t\t\t\t<div class=\"elementor-element elementor-element-29967b8 elementor-widget elementor-widget-image\" data-id=\"29967b8\" data-element_type=\"widget\" data-widget_type=\"image.default\">\n\t\t\t\t\t\t\t\t\t\t\t\t\t\t\t<img loading=\"lazy\" decoding=\"async\" width=\"1920\" height=\"720\" src=\"https:\/\/gostiarestaurant.com\/wp-content\/uploads\/2026\/01\/about-us-4.jpg\" class=\"attachment-full size-full wp-image-53\" alt=\"\" srcset=\"https:\/\/gostiarestaurant.com\/wp-content\/uploads\/2026\/01\/about-us-4.jpg 1920w, https:\/\/gostiarestaurant.com\/wp-content\/uploads\/2026\/01\/about-us-4-300x113.jpg 300w, https:\/\/gostiarestaurant.com\/wp-content\/uploads\/2026\/01\/about-us-4-1024x384.jpg 1024w, https:\/\/gostiarestaurant.com\/wp-content\/uploads\/2026\/01\/about-us-4-768x288.jpg 768w, https:\/\/gostiarestaurant.com\/wp-content\/uploads\/2026\/01\/about-us-4-1536x576.jpg 1536w\" sizes=\"(max-width: 1920px) 100vw, 1920px\" \/>\t\t\t\t\t\t\t\t\t\t\t\t\t\t\t<\/div>\n\t\t\t\t\t<\/div>\n\t\t<\/div>\n\t\t\t\t\t<\/div>\n\t\t<\/section>\n\t\t\t\t<section class=\"elementor-section elementor-top-section elementor-element elementor-element-1db5b2ee elementor-section-stretched elementor-section-boxed elementor-section-height-default elementor-section-height-default\" data-id=\"1db5b2ee\" data-element_type=\"section\" data-settings=\"{&quot;stretch_section&quot;:&quot;section-stretched&quot;}\">\n\t\t\t\t\t\t<div class=\"elementor-container elementor-column-gap-default\">\n\t\t\t\t\t<div class=\"elementor-column elementor-col-100 elementor-top-column elementor-element elementor-element-4ab9f6a7\" data-id=\"4ab9f6a7\" data-element_type=\"column\">\n\t\t\t<div class=\"elementor-widget-wrap elementor-element-populated\">\n\t\t\t\t\t\t<div class=\"elementor-element elementor-element-5b0764fe elementor-absolute elementor-widget-tablet__width-initial elementor-widget__width-initial elementor-widget elementor-widget-image\" data-id=\"5b0764fe\" data-element_type=\"widget\" data-settings=\"{&quot;_position&quot;:&quot;absolute&quot;}\" data-widget_type=\"image.default\">\n\t\t\t\t\t\t\t\t\t\t\t\t\t\t\t<img loading=\"lazy\" decoding=\"async\" width=\"84\" height=\"77\" src=\"https:\/\/gostiarestaurant.com\/wp-content\/uploads\/2026\/01\/about-us-9.png\" class=\"attachment-large size-large wp-image-33\" alt=\"\" \/>\t\t\t\t\t\t\t\t\t\t\t\t\t\t\t<\/div>\n\t\t\t\t\t<\/div>\n\t\t<\/div>\n\t\t\t\t\t<\/div>\n\t\t<\/section>\n\t\t\t\t<section class=\"elementor-section elementor-top-section elementor-element elementor-element-4962a112 elementor-section-full_width elementor-section-height-default elementor-section-height-default\" data-id=\"4962a112\" data-element_type=\"section\">\n\t\t\t\t\t\t<div class=\"elementor-container elementor-column-gap-default\">\n\t\t\t\t\t<div class=\"elementor-column elementor-col-100 elementor-top-column elementor-element elementor-element-67d2e7ec\" data-id=\"67d2e7ec\" data-element_type=\"column\">\n\t\t\t<div class=\"elementor-widget-wrap elementor-element-populated\">\n\t\t\t\t\t\t<div class=\"elementor-element elementor-element-70ad3c74 elementor-widget__width-initial elementor-absolute elementor-widget-tablet__width-initial elementor-widget elementor-widget-image\" data-id=\"70ad3c74\" data-element_type=\"widget\" data-settings=\"{&quot;_position&quot;:&quot;absolute&quot;,&quot;motion_fx_motion_fx_scrolling&quot;:&quot;yes&quot;,&quot;motion_fx_translateX_effect&quot;:&quot;yes&quot;,&quot;motion_fx_devices&quot;:[&quot;desktop&quot;,&quot;tablet&quot;],&quot;motion_fx_translateX_speed&quot;:{&quot;unit&quot;:&quot;px&quot;,&quot;size&quot;:4,&quot;sizes&quot;:[]},&quot;motion_fx_translateX_affectedRange&quot;:{&quot;unit&quot;:&quot;%&quot;,&quot;size&quot;:&quot;&quot;,&quot;sizes&quot;:{&quot;start&quot;:0,&quot;end&quot;:100}}}\" data-widget_type=\"image.default\">\n\t\t\t\t\t\t\t\t\t\t\t\t\t\t\t<img loading=\"lazy\" decoding=\"async\" width=\"412\" height=\"312\" src=\"https:\/\/gostiarestaurant.com\/wp-content\/uploads\/2026\/01\/shape-9.png\" class=\"attachment-large size-large wp-image-43\" alt=\"\" srcset=\"https:\/\/gostiarestaurant.com\/wp-content\/uploads\/2026\/01\/shape-9.png 412w, https:\/\/gostiarestaurant.com\/wp-content\/uploads\/2026\/01\/shape-9-300x227.png 300w\" sizes=\"(max-width: 412px) 100vw, 412px\" \/>\t\t\t\t\t\t\t\t\t\t\t\t\t\t\t<\/div>\n\t\t\t\t\t<\/div>\n\t\t<\/div>\n\t\t\t\t\t<\/div>\n\t\t<\/section>\n\t\t\t\t<\/div>\n\t\t","protected":false},"excerpt":{"rendered":"<p>KUSH JEMI Mir\u00ebsevini n\u00eb Gostia, nj\u00eb restorant tradicional shqiptar i vendosur n\u00eb zemr\u00ebn e natyr\u00ebs s\u00eb bukur t\u00eb Petrel\u00ebs. Ne n\u00eb Gostia jemi t\u00eb p\u00ebrkushtuar p\u00ebr t\u00eb sjell\u00eb tek ju shijet autentike t\u00eb kuzhin\u00ebs shqiptare, duke p\u00ebrdorur vet\u00ebm p\u00ebrb\u00ebr\u00ebsit m\u00eb t\u00eb fresk\u00ebt dhe m\u00eb cil\u00ebsor\u00eb nga fermer\u00ebt lokal\u00eb. \u00c7do pjat\u00eb q\u00eb p\u00ebrgatisim \u00ebsht\u00eb nj\u00eb reflektim [&hellip;]<\/p>\n","protected":false},"author":1,"featured_media":0,"parent":0,"menu_order":0,"comment_status":"closed","ping_status":"closed","template":"","meta":{"footnotes":""},"class_list":["post-17","page","type-page","status-publish","hentry"],"_links":{"self":[{"href":"https:\/\/gostiarestaurant.com\/index.php\/wp-json\/wp\/v2\/pages\/17","targetHints":{"allow":["GET"]}}],"collection":[{"href":"https:\/\/gostiarestaurant.com\/index.php\/wp-json\/wp\/v2\/pages"}],"about":[{"href":"https:\/\/gostiarestaurant.com\/index.php\/wp-json\/wp\/v2\/types\/page"}],"author":[{"embeddable":true,"href":"https:\/\/gostiarestaurant.com\/index.php\/wp-json\/wp\/v2\/users\/1"}],"replies":[{"embeddable":true,"href":"https:\/\/gostiarestaurant.com\/index.php\/wp-json\/wp\/v2\/comments?post=17"}],"version-history":[{"count":10,"href":"https:\/\/gostiarestaurant.com\/index.php\/wp-json\/wp\/v2\/pages\/17\/revisions"}],"predecessor-version":[{"id":180,"href":"https:\/\/gostiarestaurant.com\/index.php\/wp-json\/wp\/v2\/pages\/17\/revisions\/180"}],"wp:attachment":[{"href":"https:\/\/gostiarestaurant.com\/index.php\/wp-json\/wp\/v2\/media?parent=17"}],"curies":[{"name":"wp","href":"https:\/\/api.w.org\/{rel}","templated":true}]}}