{"id":18,"date":"2026-01-19T14:05:34","date_gmt":"2026-01-19T14:05:34","guid":{"rendered":"https:\/\/gostiarestaurant.com\/?page_id=18"},"modified":"2026-01-29T20:27:16","modified_gmt":"2026-01-29T20:27:16","slug":"contact","status":"publish","type":"page","link":"https:\/\/gostiarestaurant.com\/index.php\/contact\/","title":{"rendered":"Contact"},"content":{"rendered":"\t\t<div data-elementor-type=\"wp-page\" data-elementor-id=\"18\" class=\"elementor elementor-18\" data-elementor-post-type=\"page\">\n\t\t\t\t\t\t<section class=\"elementor-section elementor-top-section elementor-element elementor-element-4536bcd9 elementor-section-stretched elementor-section-full_width elementor-reverse-tablet elementor-reverse-mobile elementor-section-height-default elementor-section-height-default\" data-id=\"4536bcd9\" data-element_type=\"section\" data-settings=\"{&quot;stretch_section&quot;:&quot;section-stretched&quot;}\">\n\t\t\t\t\t\t<div class=\"elementor-container elementor-column-gap-no\">\n\t\t\t\t\t<div class=\"elementor-column elementor-col-50 elementor-top-column elementor-element elementor-element-db659fa\" data-id=\"db659fa\" data-element_type=\"column\">\n\t\t\t<div class=\"elementor-widget-wrap elementor-element-populated\">\n\t\t\t\t\t\t<div class=\"elementor-element elementor-element-6c1446a0 elementor-widget elementor-widget-heading\" data-id=\"6c1446a0\" data-element_type=\"widget\" data-widget_type=\"heading.default\">\n\t\t\t\t\t<h2 class=\"elementor-heading-title elementor-size-default\">Kontakt<\/h2>\t\t\t\t<\/div>\n\t\t\t\t<div class=\"elementor-element elementor-element-1ec30a0b elementor-widget elementor-widget-text-editor\" data-id=\"1ec30a0b\" data-element_type=\"widget\" data-widget_type=\"text-editor.default\">\n\t\t\t\t\t\t\t\t\t<p>Ofrojm\u00eb mund\u00ebsin e rezervimit n\u00eb m\u00ebnyre direkte nga website, plot\u00ebsoni formularin e m\u00ebposhtem dhe menj\u00ebhere do t\u00eb kontaktoheni nga stafi yn\u00eb p\u00ebr detaje dhe konfirmim.<\/p>\t\t\t\t\t\t\t\t<\/div>\n\t\t\t\t<div class=\"elementor-element elementor-element-5e1ea475 elementor-widget elementor-widget-button\" data-id=\"5e1ea475\" data-element_type=\"widget\" data-widget_type=\"button.default\">\n\t\t\t\t\t\t\t\t\t\t<a class=\"elementor-button elementor-button-link elementor-size-sm elementor-animation-wobble-horizontal\" href=\"https:\/\/gostiarestaurant.com\/index.php\/menu\/\">\n\t\t\t\t\t\t<span class=\"elementor-button-content-wrapper\">\n\t\t\t\t\t\t\t\t\t<span class=\"elementor-button-text\">Shiko Menun\u00eb<\/span>\n\t\t\t\t\t<\/span>\n\t\t\t\t\t<\/a>\n\t\t\t\t\t\t\t\t<\/div>\n\t\t\t\t\t<\/div>\n\t\t<\/div>\n\t\t\t\t<div class=\"elementor-column elementor-col-50 elementor-top-column elementor-element elementor-element-2f771363\" data-id=\"2f771363\" data-element_type=\"column\">\n\t\t\t<div class=\"elementor-widget-wrap elementor-element-populated\">\n\t\t\t\t\t\t<div class=\"elementor-element elementor-element-edb36ab elementor-absolute elementor-widget__width-initial elementor-widget elementor-widget-image\" data-id=\"edb36ab\" data-element_type=\"widget\" data-settings=\"{&quot;_position&quot;:&quot;absolute&quot;}\" data-widget_type=\"image.default\">\n\t\t\t\t\t\t\t\t\t\t\t\t\t\t\t<img decoding=\"async\" width=\"119\" height=\"119\" src=\"https:\/\/gostiarestaurant.com\/wp-content\/uploads\/2026\/01\/shape-6.png\" class=\"attachment-large size-large wp-image-38\" alt=\"\" \/>\t\t\t\t\t\t\t\t\t\t\t\t\t\t\t<\/div>\n\t\t\t\t<div class=\"elementor-element elementor-element-3d5c5e89 elementor-widget elementor-widget-image\" data-id=\"3d5c5e89\" data-element_type=\"widget\" data-widget_type=\"image.default\">\n\t\t\t\t\t\t\t\t\t\t\t\t\t\t\t<img fetchpriority=\"high\" decoding=\"async\" width=\"768\" height=\"768\" src=\"https:\/\/gostiarestaurant.com\/wp-content\/uploads\/2026\/01\/feed10-768x768-1.webp\" class=\"attachment-full size-full wp-image-280\" alt=\"\" srcset=\"https:\/\/gostiarestaurant.com\/wp-content\/uploads\/2026\/01\/feed10-768x768-1.webp 768w, https:\/\/gostiarestaurant.com\/wp-content\/uploads\/2026\/01\/feed10-768x768-1-300x300.webp 300w, https:\/\/gostiarestaurant.com\/wp-content\/uploads\/2026\/01\/feed10-768x768-1-150x150.webp 150w\" sizes=\"(max-width: 768px) 100vw, 768px\" \/>\t\t\t\t\t\t\t\t\t\t\t\t\t\t\t<\/div>\n\t\t\t\t<div class=\"elementor-element elementor-element-521a1f83 elementor-widget__width-initial elementor-absolute elementor-widget elementor-widget-image\" data-id=\"521a1f83\" data-element_type=\"widget\" data-settings=\"{&quot;_position&quot;:&quot;absolute&quot;}\" data-widget_type=\"image.default\">\n\t\t\t\t\t\t\t\t\t\t\t\t\t\t\t<img decoding=\"async\" width=\"631\" height=\"750\" src=\"https:\/\/gostiarestaurant.com\/wp-content\/uploads\/2026\/01\/contacts-5.png\" class=\"attachment-full size-full wp-image-61\" alt=\"\" srcset=\"https:\/\/gostiarestaurant.com\/wp-content\/uploads\/2026\/01\/contacts-5.png 631w, https:\/\/gostiarestaurant.com\/wp-content\/uploads\/2026\/01\/contacts-5-252x300.png 252w\" sizes=\"(max-width: 631px) 100vw, 631px\" \/>\t\t\t\t\t\t\t\t\t\t\t\t\t\t\t<\/div>\n\t\t\t\t\t<\/div>\n\t\t<\/div>\n\t\t\t\t\t<\/div>\n\t\t<\/section>\n\t\t\t\t<section class=\"elementor-section elementor-top-section elementor-element elementor-element-422f9b85 elementor-section-stretched elementor-section-full_width elementor-section-height-default elementor-section-height-default\" data-id=\"422f9b85\" data-element_type=\"section\" data-settings=\"{&quot;stretch_section&quot;:&quot;section-stretched&quot;}\">\n\t\t\t\t\t\t<div class=\"elementor-container elementor-column-gap-no\">\n\t\t\t\t\t<div class=\"elementor-column elementor-col-50 elementor-top-column elementor-element elementor-element-59abf1ac\" data-id=\"59abf1ac\" data-element_type=\"column\">\n\t\t\t<div class=\"elementor-widget-wrap elementor-element-populated\">\n\t\t\t\t\t\t<div class=\"elementor-element elementor-element-45be4010 elementor-widget__width-initial elementor-absolute elementor-widget elementor-widget-image\" data-id=\"45be4010\" data-element_type=\"widget\" data-settings=\"{&quot;_position&quot;:&quot;absolute&quot;}\" data-widget_type=\"image.default\">\n\t\t\t\t\t\t\t\t\t\t\t\t\t\t\t<img loading=\"lazy\" decoding=\"async\" width=\"83\" height=\"85\" src=\"https:\/\/gostiarestaurant.com\/wp-content\/uploads\/2026\/01\/shape-10.png\" class=\"attachment-large size-large wp-image-45\" alt=\"\" \/>\t\t\t\t\t\t\t\t\t\t\t\t\t\t\t<\/div>\n\t\t\t\t<div class=\"elementor-element elementor-element-40799d78 elementor-widget elementor-widget-image\" data-id=\"40799d78\" data-element_type=\"widget\" data-widget_type=\"image.default\">\n\t\t\t\t\t\t\t\t\t\t\t\t\t\t\t<img loading=\"lazy\" decoding=\"async\" width=\"759\" height=\"1024\" src=\"https:\/\/gostiarestaurant.com\/wp-content\/uploads\/2026\/01\/contacts-2-759x1024.jpg\" class=\"attachment-large size-large wp-image-62\" alt=\"\" srcset=\"https:\/\/gostiarestaurant.com\/wp-content\/uploads\/2026\/01\/contacts-2-759x1024.jpg 759w, https:\/\/gostiarestaurant.com\/wp-content\/uploads\/2026\/01\/contacts-2-222x300.jpg 222w, https:\/\/gostiarestaurant.com\/wp-content\/uploads\/2026\/01\/contacts-2-768x1037.jpg 768w, https:\/\/gostiarestaurant.com\/wp-content\/uploads\/2026\/01\/contacts-2.jpg 800w\" sizes=\"(max-width: 759px) 100vw, 759px\" \/>\t\t\t\t\t\t\t\t\t\t\t\t\t\t\t<\/div>\n\t\t\t\t<div class=\"elementor-element elementor-element-4ca990b8 elementor-widget__width-initial elementor-absolute elementor-widget elementor-widget-image\" data-id=\"4ca990b8\" data-element_type=\"widget\" data-settings=\"{&quot;_position&quot;:&quot;absolute&quot;}\" data-widget_type=\"image.default\">\n\t\t\t\t\t\t\t\t\t\t\t\t\t\t\t<img loading=\"lazy\" decoding=\"async\" width=\"800\" height=\"768\" src=\"https:\/\/gostiarestaurant.com\/wp-content\/uploads\/2026\/01\/contacts-6.png\" class=\"attachment-large size-large wp-image-63\" alt=\"\" srcset=\"https:\/\/gostiarestaurant.com\/wp-content\/uploads\/2026\/01\/contacts-6.png 909w, https:\/\/gostiarestaurant.com\/wp-content\/uploads\/2026\/01\/contacts-6-300x288.png 300w, https:\/\/gostiarestaurant.com\/wp-content\/uploads\/2026\/01\/contacts-6-768x738.png 768w\" sizes=\"(max-width: 800px) 100vw, 800px\" \/>\t\t\t\t\t\t\t\t\t\t\t\t\t\t\t<\/div>\n\t\t\t\t\t<\/div>\n\t\t<\/div>\n\t\t\t\t<div class=\"elementor-column elementor-col-50 elementor-top-column elementor-element elementor-element-310ef0e8\" data-id=\"310ef0e8\" data-element_type=\"column\">\n\t\t\t<div class=\"elementor-widget-wrap elementor-element-populated\">\n\t\t\t\t\t\t<div class=\"elementor-element elementor-element-1aa5ac09 elementor-widget elementor-widget-heading\" data-id=\"1aa5ac09\" data-element_type=\"widget\" data-widget_type=\"heading.default\">\n\t\t\t\t\t<h2 class=\"elementor-heading-title elementor-size-default\">B\u00ebni rezervimin tuaj!<\/h2>\t\t\t\t<\/div>\n\t\t\t\t<div class=\"elementor-element elementor-element-3cb9067e elementor-widget elementor-widget-text-editor\" data-id=\"3cb9067e\" data-element_type=\"widget\" data-widget_type=\"text-editor.default\">\n\t\t\t\t\t\t\t\t\t<p>Plotesoni fushat per rezervim, dhe do te kontaktoheni nga stafi yne brenda pak minutash per konfirmim.<\/p>\t\t\t\t\t\t\t\t<\/div>\n\t\t\t\t<div class=\"elementor-element elementor-element-b98148b elementor-widget elementor-widget-wpforms\" data-id=\"b98148b\" data-element_type=\"widget\" data-widget_type=\"wpforms.default\">\n\t\t\t\t<div class=\"elementor-widget-container\">\n\t\t\t\t\t<div class=\"wpforms-container wpforms-container-full wpforms-render-modern\" id=\"wpforms-358\"><form id=\"wpforms-form-358\" class=\"wpforms-validate wpforms-form wpforms-ajax-form\" data-formid=\"358\" method=\"post\" enctype=\"multipart\/form-data\" action=\"\/index.php\/wp-json\/wp\/v2\/pages\/18\" data-token=\"c2a815c17ff9535301e6b60f161705e6\" data-token-time=\"1778685943\"><noscript class=\"wpforms-error-noscript\">Please enable JavaScript in your browser to complete this form.<\/noscript><div id=\"wpforms-error-noscript\" style=\"display: none;\">Please enable JavaScript in your browser to complete this form.<\/div><div class=\"wpforms-field-container\"><div id=\"wpforms-358-field_1-container\" class=\"wpforms-field wpforms-field-text\" data-field-id=\"1\"><label class=\"wpforms-field-label\" for=\"wpforms-358-field_1\">Emer Mbiemer<\/label><input type=\"text\" id=\"wpforms-358-field_1\" class=\"wpforms-field-medium\" name=\"wpforms[fields][1]\" aria-errormessage=\"wpforms-358-field_1-error\" ><\/div><div id=\"wpforms-358-field_3-container\" class=\"wpforms-field wpforms-field-email\" data-field-id=\"3\"><label class=\"wpforms-field-label\" for=\"wpforms-358-field_3\">Email <span class=\"wpforms-required-label\" aria-hidden=\"true\">*<\/span><\/label><input type=\"email\" id=\"wpforms-358-field_3\" class=\"wpforms-field-medium wpforms-field-required\" name=\"wpforms[fields][3]\" spellcheck=\"false\" aria-errormessage=\"wpforms-358-field_3-error\" required><\/div>\t\t<div id=\"wpforms-358-field_5-container\"\n\t\t\tclass=\"wpforms-field wpforms-field-text\"\n\t\t\tdata-field-type=\"text\"\n\t\t\tdata-field-id=\"5\"\n\t\t\t>\n\t\t\t<label class=\"wpforms-field-label\" for=\"wpforms-358-field_5\" >rezervoni? Mbiemer Email<\/label>\n\t\t\t<input type=\"text\" id=\"wpforms-358-field_5\" class=\"wpforms-field-medium\" name=\"wpforms[fields][5]\" >\n\t\t<\/div>\n\t\t<div id=\"wpforms-358-field_4-container\" class=\"wpforms-field wpforms-field-checkbox\" data-field-id=\"4\"><fieldset><legend class=\"wpforms-field-label\">P\u00ebr sa persona doni t\u00eb rezervoni?<\/legend><ul id=\"wpforms-358-field_4\"><li class=\"choice-1 depth-1\"><input type=\"checkbox\" id=\"wpforms-358-field_4_1\" name=\"wpforms[fields][4][]\" value=\"1-5 Persona\" aria-errormessage=\"wpforms-358-field_4_1-error\"  ><label class=\"wpforms-field-label-inline\" for=\"wpforms-358-field_4_1\">1-5 Persona<\/label><\/li><li class=\"choice-2 depth-1\"><input type=\"checkbox\" id=\"wpforms-358-field_4_2\" name=\"wpforms[fields][4][]\" value=\"6-10 Persona\" aria-errormessage=\"wpforms-358-field_4_2-error\"  ><label class=\"wpforms-field-label-inline\" for=\"wpforms-358-field_4_2\">6-10 Persona<\/label><\/li><li class=\"choice-3 depth-1\"><input type=\"checkbox\" id=\"wpforms-358-field_4_3\" name=\"wpforms[fields][4][]\" value=\"M\u00eb shum\u00eb se 10 persona\" aria-errormessage=\"wpforms-358-field_4_3-error\"  ><label class=\"wpforms-field-label-inline\" for=\"wpforms-358-field_4_3\">M\u00eb shum\u00eb se 10 persona<\/label><\/li><\/ul><\/fieldset><\/div><div id=\"wpforms-358-field_2-container\" class=\"wpforms-field wpforms-field-textarea\" data-field-id=\"2\"><label class=\"wpforms-field-label\" for=\"wpforms-358-field_2\">Na shkruani p\u00ebr \u00e7do informacion shtes\u00eb:<\/label><textarea id=\"wpforms-358-field_2\" class=\"wpforms-field-medium\" name=\"wpforms[fields][2]\" aria-errormessage=\"wpforms-358-field_2-error\" ><\/textarea><\/div><script>\n\t\t\t\t( function() {\n\t\t\t\t\tconst style = document.createElement( 'style' );\n\t\t\t\t\tstyle.appendChild( document.createTextNode( '#wpforms-358-field_5-container { position: absolute !important; overflow: hidden !important; display: inline !important; height: 1px !important; width: 1px !important; z-index: -1000 !important; padding: 0 !important; } #wpforms-358-field_5-container input { visibility: hidden; } #wpforms-conversational-form-page #wpforms-358-field_5-container label { counter-increment: none; }' ) );\n\t\t\t\t\tdocument.head.appendChild( style );\n\t\t\t\t\tdocument.currentScript?.remove();\n\t\t\t\t} )();\n\t\t\t<\/script><\/div><!-- .wpforms-field-container --><div class=\"wpforms-submit-container\" ><input type=\"hidden\" name=\"wpforms[id]\" value=\"358\"><input type=\"hidden\" name=\"page_title\" value=\"\"><input type=\"hidden\" name=\"page_url\" value=\"https:\/\/gostiarestaurant.com\/index.php\/wp-json\/wp\/v2\/pages\/18\"><input type=\"hidden\" name=\"url_referer\" value=\"\"><button type=\"submit\" name=\"wpforms[submit]\" id=\"wpforms-submit-358\" class=\"wpforms-submit\" data-alt-text=\"Sending...\" data-submit-text=\"Submit\" aria-live=\"assertive\" value=\"wpforms-submit\">Submit<\/button><img loading=\"lazy\" decoding=\"async\" src=\"https:\/\/gostiarestaurant.com\/wp-content\/plugins\/wpforms-lite\/assets\/images\/submit-spin.svg\" class=\"wpforms-submit-spinner\" style=\"display: none;\" width=\"26\" height=\"26\" alt=\"Loading\"><\/div><\/form><\/div>  <!-- .wpforms-container -->\t\t\t\t<\/div>\n\t\t\t\t<\/div>\n\t\t\t\t\t<\/div>\n\t\t<\/div>\n\t\t\t\t\t<\/div>\n\t\t<\/section>\n\t\t\t\t<section class=\"elementor-section elementor-top-section elementor-element elementor-element-43d5e7e4 elementor-section-full_width elementor-section-height-default elementor-section-height-default\" data-id=\"43d5e7e4\" data-element_type=\"section\">\n\t\t\t\t\t\t<div class=\"elementor-container elementor-column-gap-default\">\n\t\t\t\t\t<div class=\"elementor-column elementor-col-100 elementor-top-column elementor-element elementor-element-1be5a0d5\" data-id=\"1be5a0d5\" data-element_type=\"column\">\n\t\t\t<div class=\"elementor-widget-wrap elementor-element-populated\">\n\t\t\t\t\t\t<div class=\"elementor-element elementor-element-ab1137a elementor-widget__width-initial elementor-absolute elementor-widget-tablet__width-initial elementor-widget elementor-widget-image\" data-id=\"ab1137a\" data-element_type=\"widget\" data-settings=\"{&quot;_position&quot;:&quot;absolute&quot;,&quot;motion_fx_motion_fx_scrolling&quot;:&quot;yes&quot;,&quot;motion_fx_translateX_effect&quot;:&quot;yes&quot;,&quot;motion_fx_translateX_speed&quot;:{&quot;unit&quot;:&quot;px&quot;,&quot;size&quot;:4,&quot;sizes&quot;:[]},&quot;motion_fx_translateX_affectedRange&quot;:{&quot;unit&quot;:&quot;%&quot;,&quot;size&quot;:&quot;&quot;,&quot;sizes&quot;:{&quot;start&quot;:0,&quot;end&quot;:100}},&quot;motion_fx_devices&quot;:[&quot;desktop&quot;,&quot;tablet&quot;,&quot;mobile&quot;]}\" data-widget_type=\"image.default\">\n\t\t\t\t\t\t\t\t\t\t\t\t\t\t\t<img loading=\"lazy\" decoding=\"async\" width=\"412\" height=\"312\" src=\"https:\/\/gostiarestaurant.com\/wp-content\/uploads\/2026\/01\/shape-9.png\" class=\"attachment-large size-large wp-image-43\" alt=\"\" srcset=\"https:\/\/gostiarestaurant.com\/wp-content\/uploads\/2026\/01\/shape-9.png 412w, https:\/\/gostiarestaurant.com\/wp-content\/uploads\/2026\/01\/shape-9-300x227.png 300w\" sizes=\"(max-width: 412px) 100vw, 412px\" \/>\t\t\t\t\t\t\t\t\t\t\t\t\t\t\t<\/div>\n\t\t\t\t\t<\/div>\n\t\t<\/div>\n\t\t\t\t\t<\/div>\n\t\t<\/section>\n\t\t\t\t<\/div>\n\t\t","protected":false},"excerpt":{"rendered":"<p>Kontakt Ofrojm\u00eb mund\u00ebsin e rezervimit n\u00eb m\u00ebnyre direkte nga website, plot\u00ebsoni formularin e m\u00ebposhtem dhe menj\u00ebhere do t\u00eb kontaktoheni nga stafi yn\u00eb p\u00ebr detaje dhe konfirmim. Shiko Menun\u00eb B\u00ebni rezervimin tuaj! Plotesoni fushat per rezervim, dhe do te kontaktoheni nga stafi yne brenda pak minutash per konfirmim. Please enable JavaScript in your browser to complete [&hellip;]<\/p>\n","protected":false},"author":1,"featured_media":0,"parent":0,"menu_order":0,"comment_status":"closed","ping_status":"closed","template":"","meta":{"footnotes":""},"class_list":["post-18","page","type-page","status-publish","hentry"],"_links":{"self":[{"href":"https:\/\/gostiarestaurant.com\/index.php\/wp-json\/wp\/v2\/pages\/18","targetHints":{"allow":["GET"]}}],"collection":[{"href":"https:\/\/gostiarestaurant.com\/index.php\/wp-json\/wp\/v2\/pages"}],"about":[{"href":"https:\/\/gostiarestaurant.com\/index.php\/wp-json\/wp\/v2\/types\/page"}],"author":[{"embeddable":true,"href":"https:\/\/gostiarestaurant.com\/index.php\/wp-json\/wp\/v2\/users\/1"}],"replies":[{"embeddable":true,"href":"https:\/\/gostiarestaurant.com\/index.php\/wp-json\/wp\/v2\/comments?post=18"}],"version-history":[{"count":28,"href":"https:\/\/gostiarestaurant.com\/index.php\/wp-json\/wp\/v2\/pages\/18\/revisions"}],"predecessor-version":[{"id":372,"href":"https:\/\/gostiarestaurant.com\/index.php\/wp-json\/wp\/v2\/pages\/18\/revisions\/372"}],"wp:attachment":[{"href":"https:\/\/gostiarestaurant.com\/index.php\/wp-json\/wp\/v2\/media?parent=18"}],"curies":[{"name":"wp","href":"https:\/\/api.w.org\/{rel}","templated":true}]}}